{"id":1193,"date":"2023-08-03T10:32:11","date_gmt":"2023-08-03T14:32:11","guid":{"rendered":"https:\/\/stperegrin.org\/privacy-policy\/"},"modified":"2025-11-18T14:34:59","modified_gmt":"2025-11-18T19:34:59","slug":"privacy-policy","status":"publish","type":"page","link":"https:\/\/stperegrin.org\/en\/privacy-policy\/","title":{"rendered":"Privacy Policy"},"content":{"rendered":"<p>[et_pb_section fb_built=&#8221;1&#8243; _builder_version=&#8221;4.16&#8243; global_colors_info=&#8221;{}&#8221;][et_pb_row _builder_version=&#8221;4.16&#8243; background_size=&#8221;initial&#8221; background_position=&#8221;top_left&#8221; background_repeat=&#8221;repeat&#8221; global_colors_info=&#8221;{}&#8221;][et_pb_column type=&#8221;4_4&#8243; _builder_version=&#8221;4.16&#8243; custom_padding=&#8221;|||&#8221; global_colors_info=&#8221;{}&#8221; custom_padding__hover=&#8221;|||&#8221;][et_pb_text _builder_version=&#8221;4.24.3&#8243; _module_preset=&#8221;efb25bdd-af43-434b-bf74-d2f7edbb23c6&#8243; header_font_size=&#8221;66px&#8221; header_line_height=&#8221;1.5em&#8221; global_colors_info=&#8221;{}&#8221;]<\/p>\n<h1>Privacy Policy<\/h1>\n<p>[\/et_pb_text][et_pb_text _builder_version=&#8221;4.24.3&#8243; _module_preset=&#8221;default&#8221; link_font=&#8221;||||||||&#8221; link_text_color=&#8221;#000000&#8243; header_2_line_height=&#8221;1.4em&#8221; hover_enabled=&#8221;0&#8243; global_colors_info=&#8221;{}&#8221; module_class=&#8221;no-word-break&#8221; sticky_enabled=&#8221;0&#8243;]<\/p>\n<h2>Introduction<\/h2>\n<p>The Work of Saint-Peregrine attaches importance to the ethics of your data, and we are committed to respecting the confidentiality of your personal information, and to protect them. The objective is to inform you about our practices regarding confidentiality. Here you will find why we collect your personal information.<br \/>\n<\/br><\/p>\n<h2>Collection of personal information<\/h2>\n<p>We collect the following information :<br \/>\nName<br \/>\nFirst name<br \/>\nAdresse postale<br \/>\nAdresse courriel<br \/>\nNum\u00e9ro de t\u00e9l\u00e9phone<br \/>\nInformation de carte de paiement<br \/>\nLes renseignements personnels que nous recueillons sont pour nos formulaires, pour vous informer des dates de f\u00eate ainsi que le paiement des lampions.<br \/>\n<\/br><\/p>\n<h2>Forms<\/h2>\n<p>Your personal information is collected through the forms :<br \/>\nForm for information<br \/>\nForm for pilgrimages<br \/>\nForm for prayer intentions<br \/>\nFor payments for Lanterns<br \/>\nFor donations<\/p>\n<p>Your personal informations<br \/>\nNotre d\u00e9partement du service \u00e0 la client\u00e8le de l\u2019Oeuvre de Saint-P\u00e9r\u00e9grin.<br \/>\n<\/br><\/p>\n<h2>Personal information and privacy<\/h2>\n<p>If you have any questions, comments or concerns regarding your personal information, you are invited to contact us.<br \/>\nPerson responsible for the protection of personal information at the Work of Saint-Peregrine :<br \/>\nColette Duquette<\/p>\n<p>Par courriel : <a href=\"mailto:sanctuairestperegrin@videotron.ca\">sanctuairestperegrin@videotron.ca<\/a><br \/>\nPar courrier :<br \/>\nL\u2019Oeuvre de Saint-P\u00e9r\u00e9grin<br \/>\nResponsable de la protection des renseignements personnels<br \/>\n6805 Rue De Marseille<br \/>\nMontr\u00e9al, Qu\u00e9bec, H1N 1M6<br \/>\n<\/br><\/p>\n<h2>Right of opposition and withdrawal<\/h2>\n<p>We are committed to offering you the right to object and withdraw your personal information.<br \/>\nThe right to object is understood as the possibility offered to Internet users to refuse to have their personal information used.<br \/>\nThe right of withdrawal is understood as the possibility offered to Internet users to request removal from our list.<br \/>\nTo be able to exercise these rights, you can contact the person responsible for the protection of personal information at the Work of Saint-Peregrine.<br \/>\n<\/br><\/p>\n<h2>Permission to access<\/h2>\n<p>We undertake to recognize the right of access and rectification of the persons concerned wishing to consult, modify or even delete the information concerning them.<\/p>\n<p>To be able to exercise this right, you can contact the person responsible for the protection of personal information at the Work of Saint-Peregrine.<br \/>\n<\/br><\/p>\n<h2>Retention periods<\/h2>\n<p>Our retention periods are determined based on the needs of the person. Personal data may be deleted after several years.<br \/>\n<\/br><\/p>\n<h2>Security<\/h2>\n<p>Your personal information that we collect on our website is stored on our main computer, and is subject to physical and electronic access control. We are committed to protecting your personal information. And it is only the Work of Saint-Peregrine that collects your information.<\/p>\n<p><\/br><\/p>\n<h2>Notice of Changes<\/h2>\n<p>This privacy policy may be revised at any time to take into account the addition of features to websites and the evolution of standards governing personal information on the Internet. So that you are always informed about the use of your personal information, our privacy policy will always be accessible on our website. <\/p>\n<p>Updated April 2, 2024[\/et_pb_text][\/et_pb_column][\/et_pb_row][\/et_pb_section]<\/p>\n","protected":false},"excerpt":{"rendered":"<p>Privacy PolicyIntroduction The Work of Saint-Peregrine attaches importance to the ethics of your data, and we are committed to respecting the confidentiality of your personal information, and to protect them. The objective is to inform you about our practices regarding confidentiality. Here you will find why we collect your personal information. Collection of personal information [&hellip;]<\/p>\n","protected":false},"author":1,"featured_media":0,"parent":0,"menu_order":0,"comment_status":"closed","ping_status":"closed","template":"","meta":{"_et_pb_use_builder":"on","_et_pb_old_content":"","_et_gb_content_width":"","footnotes":""},"class_list":["post-1193","page","type-page","status-publish","hentry"],"_links":{"self":[{"href":"https:\/\/stperegrin.org\/en\/wp-json\/wp\/v2\/pages\/1193","targetHints":{"allow":["GET"]}}],"collection":[{"href":"https:\/\/stperegrin.org\/en\/wp-json\/wp\/v2\/pages"}],"about":[{"href":"https:\/\/stperegrin.org\/en\/wp-json\/wp\/v2\/types\/page"}],"author":[{"embeddable":true,"href":"https:\/\/stperegrin.org\/en\/wp-json\/wp\/v2\/users\/1"}],"replies":[{"embeddable":true,"href":"https:\/\/stperegrin.org\/en\/wp-json\/wp\/v2\/comments?post=1193"}],"version-history":[{"count":3,"href":"https:\/\/stperegrin.org\/en\/wp-json\/wp\/v2\/pages\/1193\/revisions"}],"predecessor-version":[{"id":1454,"href":"https:\/\/stperegrin.org\/en\/wp-json\/wp\/v2\/pages\/1193\/revisions\/1454"}],"wp:attachment":[{"href":"https:\/\/stperegrin.org\/en\/wp-json\/wp\/v2\/media?parent=1193"}],"curies":[{"name":"wp","href":"https:\/\/api.w.org\/{rel}","templated":true}]}}